{"id":56,"date":"2017-12-12T10:55:12","date_gmt":"2017-12-12T14:55:12","guid":{"rendered":"http:\/\/ayuntamiento.guineo\/transparencia\/?page_id=56"},"modified":"2024-10-16T11:56:04","modified_gmt":"2024-10-16T15:56:04","slug":"derechos-de-los-ciudadanos","status":"publish","type":"page","link":"https:\/\/ayuntamientomonteplata.gob.do\/transparencia\/derechos-de-los-ciudadanos\/","title":{"rendered":"Derechos y Obligaciones del Gobierno Local y de los Ciudadanos."},"content":{"rendered":"<p style=\"text-align: center\">CAP\u00cdTULO I<\/p>\n<p style=\"text-align: center\">DERECHO DE INFORMACI\u00d3N Y DE ACCESO A LOS EXPEDIENTES Y ACTAS DE CAR\u00c1CTER ADMINISTRATIVO<\/p>\n<p>&nbsp;<\/p>\n<p><strong>Art\u00edculo 1.<\/strong> Toda persona tiene derecho a solicitar y a recibir informaci\u00f3n completa, veraz, adecuada y oportuna, de cualquier \u00f3rgano del Estado Dominicano, y de todas las sociedades an\u00f3nimas, compa\u00f1\u00edas an\u00f3nimas o compa\u00f1\u00edas por acciones con participaci\u00f3n estatal, incluyendo:<\/p>\n<ol>\n<li>\u00a0Organismos y entidades de la administraci\u00f3n p\u00fablica centralizada;<\/li>\n<li>\u00a0Organismos y entidades aut\u00f3nomas y\/o descentralizadas del Estado, incluyendo el Distrito Nacional y los organismos municipales;<\/li>\n<li>\u00a0Organismos y entidades aut\u00e1rquicas y\/o descentralizadas del Estado;<\/li>\n<li>\u00a0Empresas y sociedades comerciales propiedad del Estado; 11 LEY GENERAL DE LIBRE ACCESO A LA INFORMACI\u00d3N P\u00daBLICA Y DECRETO QUE APRUEBA SU REGLAMENTO<\/li>\n<li>Sociedades an\u00f3nimas, compa\u00f1\u00edas an\u00f3nimas y compa\u00f1\u00edas por acciones con participaci\u00f3n estatal;<\/li>\n<li>\u00a0Organismos e instituciones de derecho privado que reciban recursos provenientes del presupuesto nacional para la consecuci\u00f3n de sus fines;<\/li>\n<li>\u00a0El Poder Legislativo, en cuanto a sus actividades administrativas;<\/li>\n<li>\u00a0El Poder Judicial, en cuanto a sus actividades administrativas.<\/li>\n<\/ol>\n<p>&nbsp;<\/p>\n<p style=\"text-align: center\"><strong>Art\u00edculo 2.<\/strong><\/p>\n<p style=\"text-align: left\">Este derecho de informaci\u00f3n comprende el derecho de acceder a las informaciones contenidas en actas y expedientes de la administraci\u00f3n p\u00fablica, as\u00ed como a estar informado peri\u00f3dicamente, cuando lo requiera, de las actividades que desarrollan entidades y personas que cumplen funciones p\u00fablicas, siempre y cuando este acceso no afecte la seguridad nacional, el orden p\u00fablico, la salud o la moral p\u00fablicas o el derecho a la privacidad e intimidad de un tercero o el derecho a la reputaci\u00f3n de los dem\u00e1s. Tambi\u00e9n comprende la libertad de buscar, solicitar, recibir y difundir informaciones pertenecientes a la administraci\u00f3n del Estado y de formular consultas a las entidades y personas que cumplen funciones p\u00fablicas, teniendo derecho a obtener copia de los documentos que recopilen informaci\u00f3n sobre el ejercicio de las actividades de su competencia, con las \u00fanicas limitaciones, restricciones y condiciones establecidas en la presente ley.<\/p>\n<p>P\u00e1rrafo: Para los efectos de esta ley se entender\u00e1 por actas y expedientes a todos aquellos documentos conservados o grabados de manera escrita, \u00f3ptica, ac\u00fastica o de cualquier otra forma, que cumplan fines u objetivos de car\u00e1cter p\u00fablico. No se considerar\u00e1n actas o expe- 12 LEY GENERAL DE LIBRE ACCESO A LA INFORMACI\u00d3N P\u00daBLICA Y DECRETO QUE APRUEBA SU REGLAMENTO dientes aquellos borradores o proyectos que no constituyen documentos definitivos y que por tanto no forman parte de un procedimiento administrativo.<\/p>\n<p style=\"text-align: center\"><strong>PUBLICIDAD<\/strong><\/p>\n<p>\u00a0Art\u00edculo 3. Todos los actos y actividades de la Administraci\u00f3n P\u00fablica, centralizada y descentralizada, incluyendo los actos y actividades administrativas y los Poderes Legislativo y Judicial, as\u00ed como la informaci\u00f3n referida a su funcionamiento estar\u00e1n sometidos a publicidad, en consecuencia, ser\u00e1 obligatorio para el Estado Dominicano y todos sus poderes y organismos aut\u00f3nomos, aut\u00e1rquicos, centralizados y\/o descentralizados, la presentaci\u00f3n de un servicio permanente y actualizado de informaci\u00f3n referida a:<\/p>\n<ol>\n<li>\u00a0Presupuestos y c\u00e1lculos de recursos y gastos aprobados, su evoluci\u00f3n y estado de ejecuci\u00f3n; b) Programas y proyectos, sus presupuestos, plazos, ejecuci\u00f3n y supervisi\u00f3n;<\/li>\n<li>\u00a0Llamado a licitaciones, concursos, compras, gastos y resultados;<\/li>\n<li>\u00a0Listados de funcionarios, legisladores, magistrados, empleados, categor\u00edas, funciones y remuneraciones, y la declaraci\u00f3n jurada patrimonial cuando su presentaci\u00f3n corresponda por ley;<\/li>\n<li>\u00a0Listado de beneficiarios de programas asistenciales, subsidios, becas, jubilaciones, pensiones y retiros;<\/li>\n<li>\u00a0Estado de cuentas de la deuda p\u00fablica, sus vencimientos y pagos; 13 LEY GENERAL DE LIBRE ACCESO A LA INFORMACI\u00d3N P\u00daBLICA Y DECRETO QUE APRUEBA SU REGLAMENTO<\/li>\n<li>\u00a0Leyes, decretos, resoluciones, disposiciones, marcos regulatorios y cualquier otro tipo de normativa;<\/li>\n<li>\u00cdndices, estad\u00edsticas y valores oficiales;<\/li>\n<li>\u00a0Marcos regulatorios legales y contractuales para la prestaci\u00f3n de los servicios p\u00fablicos, condiciones, negociaciones, cuadros tarifarios, controles y sanciones;<\/li>\n<li>\u00a0Toda otra informaci\u00f3n cuya disponibilidad al p\u00fablico sea dispuesta en leyes especiales.<\/li>\n<\/ol>\n","protected":false},"excerpt":{"rendered":"CAP\u00cdTULO I DERECHO DE INFORMACI\u00d3N Y DE ACCESO A LOS EXPEDIENTES Y ACTAS DE CAR\u00c1CTER ADMINISTRATIVO &nbsp; Art\u00edculo 1. Toda persona tiene derecho a solicitar y a recibir informaci\u00f3n completa, veraz, adecuada y oportuna, de cualquier \u00f3rgano del Estado Dominicano, y de todas las sociedades an\u00f3nimas, compa\u00f1\u00edas an\u00f3nimas o compa\u00f1\u00edas por acciones con participaci\u00f3n estatal,&#8230;","protected":false},"author":4,"featured_media":0,"parent":0,"menu_order":0,"comment_status":"closed","ping_status":"closed","template":"","meta":[],"acf":[],"_links":{"self":[{"href":"https:\/\/ayuntamientomonteplata.gob.do\/transparencia\/wp-json\/wp\/v2\/pages\/56"}],"collection":[{"href":"https:\/\/ayuntamientomonteplata.gob.do\/transparencia\/wp-json\/wp\/v2\/pages"}],"about":[{"href":"https:\/\/ayuntamientomonteplata.gob.do\/transparencia\/wp-json\/wp\/v2\/types\/page"}],"author":[{"embeddable":true,"href":"https:\/\/ayuntamientomonteplata.gob.do\/transparencia\/wp-json\/wp\/v2\/users\/4"}],"replies":[{"embeddable":true,"href":"https:\/\/ayuntamientomonteplata.gob.do\/transparencia\/wp-json\/wp\/v2\/comments?post=56"}],"version-history":[{"count":3,"href":"https:\/\/ayuntamientomonteplata.gob.do\/transparencia\/wp-json\/wp\/v2\/pages\/56\/revisions"}],"predecessor-version":[{"id":1309,"href":"https:\/\/ayuntamientomonteplata.gob.do\/transparencia\/wp-json\/wp\/v2\/pages\/56\/revisions\/1309"}],"wp:attachment":[{"href":"https:\/\/ayuntamientomonteplata.gob.do\/transparencia\/wp-json\/wp\/v2\/media?parent=56"}],"curies":[{"name":"wp","href":"https:\/\/api.w.org\/{rel}","templated":true}]}}